{"id":9971,"date":"2023-04-02T02:19:18","date_gmt":"2023-04-01T23:19:18","guid":{"rendered":"https:\/\/elektriksell.com\/?page_id=9971"},"modified":"2023-04-02T02:22:21","modified_gmt":"2023-04-01T23:22:21","slug":"iptal-ve-iade-sartlari","status":"publish","type":"page","link":"https:\/\/elektriksell.com\/index.php\/iptal-ve-iade-sartlari\/","title":{"rendered":"\u0130ptal ve \u0130ade \u015eartlar\u0131"},"content":{"rendered":"\t\t<div data-elementor-type=\"wp-page\" data-elementor-id=\"9971\" class=\"elementor elementor-9971\">\n\t\t\t\t\t\t\t\t\t<section class=\"elementor-section elementor-top-section elementor-element elementor-element-90795f2 elementor-section-boxed elementor-section-height-default elementor-section-height-default wd-section-disabled\" data-id=\"90795f2\" data-element_type=\"section\">\n\t\t\t\t\t\t<div class=\"elementor-container elementor-column-gap-default\">\n\t\t\t\t\t<div class=\"elementor-column elementor-col-100 elementor-top-column elementor-element elementor-element-40e7e0c\" data-id=\"40e7e0c\" data-element_type=\"column\">\n\t\t\t<div class=\"elementor-widget-wrap elementor-element-populated\">\n\t\t\t\t\t\t\t\t<div class=\"elementor-element elementor-element-c01e72c elementor-widget elementor-widget-wd_text_block\" data-id=\"c01e72c\" data-element_type=\"widget\" data-widget_type=\"wd_text_block.default\">\n\t\t\t\t<div class=\"elementor-widget-container\">\n\t\t\t\t\t<div class=\"wd-text-block reset-last-child text-left\">\n\t\t\t\n\t\t\t<h1 style=\"text-align: center;\"><strong>\u0130PTAL ve \u0130ADE \u015eARTLARI<\/strong><\/h1><p><strong>Garanti Ko\u015fullar\u0131<br \/><\/strong>T\u00fcm \u00fcr\u00fcnler aksi belirtilmedi\u011fi takdirde \u00fcretici firmalar\u0131n garantisi alt\u0131ndad\u0131r. Garanti ko\u015fullar\u0131n\u0131n ge\u00e7erli olabilmesi i\u00e7in kargo teslimat\u0131 esnas\u0131nda \u00fcr\u00fcn\u00fc mutlaka kontrol ediniz. Herhangi bir hasar g\u00f6rd\u00fc\u011f\u00fcn\u00fczde tutanak tutturarak \u00fcr\u00fcn\u00fc teslim almay\u0131n\u0131z. \u00dcr\u00fcn \u00fczerinde yap\u0131lan de\u011fi\u015fiklikler,\u00fcr\u00fcn\u00fcn deforme olmas\u0131 ya da \u00fcr\u00fcn\u00fcn orijinal dizayn\u0131n\u0131n bozulmas\u0131 garanti kapsam\u0131 d\u0131\u015f\u0131ndad\u0131r.<\/p><p><strong>\u00dcr\u00fcn \u0130ade Ko\u015fullar\u0131<br \/><\/strong>Sitemiz \u00fczerinden sat\u0131n ald\u0131\u011f\u0131n\u0131z \u00fcr\u00fcn\u00fcn hatal\u0131 \u00e7\u0131kmas\u0131 halinde teslimat tarihinden itibaren en ge\u00e7 7 g\u00fcn i\u00e7erisinde sayfam\u0131zdaki online destek b\u00f6l\u00fcm\u00fcnden bizimle ileti\u015fim kurman\u0131z gerekmektedir. Bu bilgileri takiben kargo \u015firketi ile bize ula\u015ft\u0131raca\u011f\u0131n\u0131z hatal\u0131 \u00fcr\u00fcn yenisi ile de\u011fi\u015ftirilecektir. Sipari\u015f edilen \u00fcr\u00fcn hatas\u0131 m\u00fc\u015fteri kullan\u0131m\u0131ndan olu\u015fmu\u015fsa veya 7 g\u00fcnl\u00fck s\u00fcre i\u00e7erisinde \u00fcr\u00fcn kullan\u0131lm\u0131\u015fsa \u00fcr\u00fcn\u00fcn iade ve de\u011fi\u015fimi yap\u0131lmaz. \u00dcr\u00fcn iadesi ve de\u011fi\u015ftirme \u015fartlar\u0131 olarak, 4077 say\u0131l\u0131 T\u00fcketicinin Korunmas\u0131 Hakk\u0131nda Kanun gere\u011fi uygulamalar esast\u0131r.<\/p><p>\u00dcr\u00fcn \u0130adesi i\u00e7in l\u00fctfen ileti\u015fim k\u0131sm\u0131ndan bize ula\u015f\u0131n\u0131z.<\/p>\n\t\t\t\t\t<\/div>\n\t\t\t\t<\/div>\n\t\t\t\t<\/div>\n\t\t\t\t\t<\/div>\n\t\t<\/div>\n\t\t\t\t\t\t\t<\/div>\n\t\t<\/section>\n\t\t\t\t\t\t\t<\/div>\n\t\t","protected":false},"excerpt":{"rendered":"<p>\u0130PTAL ve \u0130ADE \u015eARTLARI Garanti Ko\u015fullar\u0131T\u00fcm \u00fcr\u00fcnler aksi belirtilmedi\u011fi takdirde \u00fcretici firmalar\u0131n garantisi alt\u0131ndad\u0131r. Garanti ko\u015fullar\u0131n\u0131n ge\u00e7erli olabilmesi i\u00e7in kargo<\/p>\n","protected":false},"author":1,"featured_media":0,"parent":0,"menu_order":0,"comment_status":"closed","ping_status":"closed","template":"","meta":{"om_disable_all_campaigns":false,"_mi_skip_tracking":false,"_monsterinsights_sitenote_active":false,"_monsterinsights_sitenote_note":"","_monsterinsights_sitenote_category":0,"footnotes":""},"aioseo_notices":[],"_links":{"self":[{"href":"https:\/\/elektriksell.com\/index.php\/wp-json\/wp\/v2\/pages\/9971"}],"collection":[{"href":"https:\/\/elektriksell.com\/index.php\/wp-json\/wp\/v2\/pages"}],"about":[{"href":"https:\/\/elektriksell.com\/index.php\/wp-json\/wp\/v2\/types\/page"}],"author":[{"embeddable":true,"href":"https:\/\/elektriksell.com\/index.php\/wp-json\/wp\/v2\/users\/1"}],"replies":[{"embeddable":true,"href":"https:\/\/elektriksell.com\/index.php\/wp-json\/wp\/v2\/comments?post=9971"}],"version-history":[{"count":4,"href":"https:\/\/elektriksell.com\/index.php\/wp-json\/wp\/v2\/pages\/9971\/revisions"}],"predecessor-version":[{"id":9975,"href":"https:\/\/elektriksell.com\/index.php\/wp-json\/wp\/v2\/pages\/9971\/revisions\/9975"}],"wp:attachment":[{"href":"https:\/\/elektriksell.com\/index.php\/wp-json\/wp\/v2\/media?parent=9971"}],"curies":[{"name":"wp","href":"https:\/\/api.w.org\/{rel}","templated":true}]}}