{"id":3,"date":"2022-05-07T00:54:17","date_gmt":"2022-05-06T21:54:17","guid":{"rendered":"https:\/\/elektriksell.com\/?page_id=3"},"modified":"2023-04-02T02:29:44","modified_gmt":"2023-04-01T23:29:44","slug":"gizlilik-politikasi","status":"publish","type":"page","link":"https:\/\/elektriksell.com\/index.php\/gizlilik-politikasi\/","title":{"rendered":"Gizlilik Politikas\u0131"},"content":{"rendered":"\n<p>Elektriksell.com m\u00fc\u015fterilerinin gizlilik haklar\u0131na \u00e7ok b\u00fcy\u00fck \u00f6nem vermektedir. A\u015fa\u011f\u0131daki maddelerde sitemizde toplanan m\u00fc\u015fteri bilgilerinin neler oldu\u011fu, hangi ama\u00e7lar i\u00e7in topland\u0131\u011f\u0131, hangi \u015fekillerde kullan\u0131ld\u0131\u011f\u0131, bu bilgileri nas\u0131l de\u011fi\u015ftirebilece\u011finiz, sizinle yap\u0131lan ileti\u015fim konusundaki tercihleriniz gibi konularda bilgi verilmi\u015ftir. Bu siteye eri\u015fiminiz bu gizlilik bildiriminde tan\u0131mlanan, bilgi toplama ve kullanma uygulamalar\u0131n\u0131 kabul ediyor oldu\u011funuzu g\u00f6sterir.<br><\/p>\n\n\n\n<p><strong>Ki\u015fisel Bilgilerinizin Toplanmas\u0131<\/strong><br><\/p>\n\n\n\n<p>Sitede toplanan ki\u015fisel bilgiler, Sipari\u015flerin tamamlanmas\u0131 ve ilgiliileti\u015fimin sa\u011flanmas\u0131, \u00fcr\u00fcnler, servisler, kampanyalar ve promosyonlarla ilgilibilgi vermek, m\u00fc\u015fterilerimizin al\u0131\u015fveri\u015f tercihlerini daha iyi anlamak, trendve istatistiksel analizler yapmak, sitenin g\u00fcvenli\u011finin g\u00fc\u00e7lendirilmesi, m\u00fc\u015fterilerinedaha etkili hizmet sunmak, siteyi ve di\u011fer ilgili \u00fcr\u00fcnlerini veya hizmetleriniiyile\u015ftirmek ve ayn\u0131 bilgileri tekrar tekrar girme gere\u011fini ortadan kald\u0131raraksitenin kullan\u0131m\u0131n\u0131 daha kolay hale getirmek i\u00e7in kullan\u0131l\u0131r.<br><\/p>\n\n\n\n<p><strong>Ki\u015fisel Bilgilerinizin Kullan\u0131m\u0131<\/strong><br><\/p>\n\n\n\n<p>Sitede toplanan ki\u015fisel bilgiler, Sipari\u015flerin tamamlanmas\u0131 ve ilgili ileti\u015fimin sa\u011flanmas\u0131, \u00fcr\u00fcnler, servisler, kampanyalar ve promosyonlarla ilgili bilgi vermek, m\u00fc\u015fterilerimizin al\u0131\u015fveri\u015f tercihlerini daha iyi anlamak, trendve istatistiksel analizler yapmak, sitenin g\u00fcvenli\u011finin g\u00fc\u00e7lendirilmesi i\u00e7in kullan\u0131l\u0131r. Elektriksell.com bu kullan\u0131mlar\u0131 desteklemek \u00fczere, m\u00fc\u015fterilerine daha etkili hizmet sunmak, siteyi ve di\u011fer ilgili \u00fcr\u00fcnlerini veya hizmetlerini iyile\u015ftirmek ve ayn\u0131 bilgileri tekrar tekrar girme gere\u011fini ortadan kald\u0131rarak sitenin kullan\u0131m\u0131n\u0131 daha kolay hale getirmek veya siteyi \u00f6zel tercihlerinize ve ilgi alanlar\u0131n\u0131za g\u00f6re \u00f6zelle\u015ftirmek i\u00e7in ki\u015fisel bilgileri kullanabilir.<br>Elektriksell.com., ki\u015fisel bilgilerinizi yasal bir zorunluluk olarakistendi\u011finde veya (a) yasal gereklere uygun hareket etmek veya Elektriksell.com ya da siteye tebli\u011f edilen yasal i\u015flemlere uymak; (b) Elektriksell.com haklar\u0131n\u0131 ve m\u00fclkiyetini korumak ve savunmak;(c) Elektriksell.com \u00e7al\u0131\u015fanlar\u0131n\u0131n veya arac\u0131lar\u0131n\u0131n, Elektriksell.com \u00fcr\u00fcn\u00fc kullananlar\u0131n veya kamu g\u00fcvenli\u011fi a\u00e7\u0131s\u0131ndan acil durumlarda harekete ge\u00e7mek i\u00e7in gerekli oldu\u011funa iyi niyetle kanaat getirdi\u011fi hallerde a\u00e7\u0131klayabilir, ilgili devlet mercileri ile payla\u015fabilir. Bu durumlar\u0131n d\u0131\u015f\u0131nda, bilgileriniz herhangi bir \u015fekilde 3. ki\u015five t\u00fczel ki\u015filerle payla\u015f\u0131lmayacakt\u0131r.<br><\/p>\n\n\n\n<p><strong>Ki\u015fisel Bilgilerinizin G\u00fcvenli\u011fi<\/strong><br><\/p>\n\n\n\n<p>Elektriksell.com , m\u00fc\u015fterilerinin bilgilerinin g\u00fcvenli\u011fini korumay\u0131 ilke edinerek, bunu sa\u011flamak ad\u0131na en ileri teknoloji ile \u00e7al\u0131\u015fmaktad\u0131r. G\u00fcvenli\u011fi sa\u011flamak amac\u0131yla g\u00fcvenli ortamlarda elektronik, fiziksel ve y\u00f6ntemsel \u00f6nlemler al\u0131nm\u0131\u015ft\u0131r. Sa\u011flad\u0131\u011f\u0131n\u0131z bilgileri kontrol alt\u0131ndaki tesislerde bulunan ve s\u0131n\u0131rl\u0131 eri\u015fimi olan bilgisayar sunucular\u0131nda depolar\u0131z. Sitemiz \u00fczerinden al\u0131nan bilgiler SSL( secure socket layer) olarak adland\u0131r\u0131lan ve g\u00fcvenli bilgi aktar\u0131m\u0131 sa\u011flayan teknoloji ile ta\u015f\u0131n\u0131r. Ayr\u0131ca Kredi kart\u0131 bilgilerinizi herhangi bir \u015fekilde sistemlerimizde saklamay\u0131z.<br><\/p>\n\n\n\n<p><strong>Bu Gizlilik Bildiriminde Yap\u0131labilecek De\u011fi\u015fiklikler<\/strong><br><\/p>\n\n\n\n<p>Bu gizlilik bildirimini zaman zaman g\u00fcncelle\u015ftirebiliriz. Bunu yaparken gizlilik bildiriminin \u00fcst b\u00f6l\u00fcm\u00fcnde yer alan &#8220;son g\u00fcncelle\u015ftirme tarihi&#8221; k\u0131sm\u0131n\u0131 da de\u011fi\u015ftiririz. Toplad\u0131\u011f\u0131m\u0131z ki\u015fisel bilgileri korumak i\u00e7in hangi y\u00f6ntemlerden yararland\u0131\u011f\u0131m\u0131z konusunda bilgi sahibi olmak i\u00e7in bu gizlilik bildirimini d\u00fczenli aral\u0131klarla g\u00f6zden ge\u00e7irmenizi \u00f6neririz. Hizmeti s\u00fcrekli \u015fekilde kullanman\u0131z bu gizlilik bildirimini ve yap\u0131labilecek g\u00fcncelle\u015ftirmeleri kabul etti\u011finiz anlam\u0131na gelir.<br><\/p>\n\n\n\n<p><strong>G\u00fcvenlik Bildirimi<\/strong><br><\/p>\n\n\n\n<p>Elektriksell.com , eri\u015fim \u015fifresi gibi bilgilerin sizin taraf\u0131n\u0131zdan belirlenmesine olanak sa\u011flar. Eri\u015fim \u015fifresinin unutulmas\u0131 durumunda kay\u0131t olurken vermi\u015f oldu\u011funuz e-posta adresine yeni \u00fcretilen bir \u015fifre g\u00f6nderilir.<br>E-b\u00fclten g\u00f6nderimlerini durdurmak isterseniz, diledi\u011finiz zaman g\u00f6nderdi\u011fimiz b\u00fcltenlerin alt k\u0131sm\u0131nda bulunan &#8220;B\u00fclten listemizden \u00e7\u0131kmak i\u00e7in t\u0131klay\u0131n\u0131z\u201d linkine t\u0131klayarak e-b\u00fclten \u00fcyeli\u011finden tek t\u0131kla, kolayca \u00e7\u0131kabilirsiniz.<\/p>\n","protected":false},"excerpt":{"rendered":"<p>Elektriksell.com m\u00fc\u015fterilerinin gizlilik haklar\u0131na \u00e7ok b\u00fcy\u00fck \u00f6nem vermektedir. A\u015fa\u011f\u0131daki maddelerde sitemizde toplanan m\u00fc\u015fteri bilgilerinin neler oldu\u011fu, hangi ama\u00e7lar i\u00e7in topland\u0131\u011f\u0131,<\/p>\n","protected":false},"author":1,"featured_media":0,"parent":0,"menu_order":0,"comment_status":"closed","ping_status":"open","template":"","meta":{"om_disable_all_campaigns":false,"_mi_skip_tracking":false,"_monsterinsights_sitenote_active":false,"_monsterinsights_sitenote_note":"","_monsterinsights_sitenote_category":0,"footnotes":""},"aioseo_notices":[],"_links":{"self":[{"href":"https:\/\/elektriksell.com\/index.php\/wp-json\/wp\/v2\/pages\/3"}],"collection":[{"href":"https:\/\/elektriksell.com\/index.php\/wp-json\/wp\/v2\/pages"}],"about":[{"href":"https:\/\/elektriksell.com\/index.php\/wp-json\/wp\/v2\/types\/page"}],"author":[{"embeddable":true,"href":"https:\/\/elektriksell.com\/index.php\/wp-json\/wp\/v2\/users\/1"}],"replies":[{"embeddable":true,"href":"https:\/\/elektriksell.com\/index.php\/wp-json\/wp\/v2\/comments?post=3"}],"version-history":[{"count":2,"href":"https:\/\/elektriksell.com\/index.php\/wp-json\/wp\/v2\/pages\/3\/revisions"}],"predecessor-version":[{"id":9979,"href":"https:\/\/elektriksell.com\/index.php\/wp-json\/wp\/v2\/pages\/3\/revisions\/9979"}],"wp:attachment":[{"href":"https:\/\/elektriksell.com\/index.php\/wp-json\/wp\/v2\/media?parent=3"}],"curies":[{"name":"wp","href":"https:\/\/api.w.org\/{rel}","templated":true}]}}