{"id":10851,"date":"2023-04-30T01:36:24","date_gmt":"2023-04-29T22:36:24","guid":{"rendered":"https:\/\/elektriksell.com\/?page_id=10851"},"modified":"2023-04-30T01:39:59","modified_gmt":"2023-04-29T22:39:59","slug":"para-iade-politikasi","status":"publish","type":"page","link":"https:\/\/elektriksell.com\/index.php\/para-iade-politikasi\/","title":{"rendered":"Para \u0130ade Politikas\u0131"},"content":{"rendered":"\t\t<div data-elementor-type=\"wp-page\" data-elementor-id=\"10851\" class=\"elementor elementor-10851\">\n\t\t\t\t\t\t\t\t\t<section class=\"elementor-section elementor-top-section elementor-element elementor-element-70b74e6 elementor-section-boxed elementor-section-height-default elementor-section-height-default wd-section-disabled\" data-id=\"70b74e6\" data-element_type=\"section\">\n\t\t\t\t\t\t<div class=\"elementor-container elementor-column-gap-default\">\n\t\t\t\t\t<div class=\"elementor-column elementor-col-100 elementor-top-column elementor-element elementor-element-63b90ce\" data-id=\"63b90ce\" data-element_type=\"column\">\n\t\t\t<div class=\"elementor-widget-wrap elementor-element-populated\">\n\t\t\t\t\t\t\t\t<div class=\"elementor-element elementor-element-d41c225 elementor-widget elementor-widget-wd_text_block\" data-id=\"d41c225\" data-element_type=\"widget\" data-widget_type=\"wd_text_block.default\">\n\t\t\t\t<div class=\"elementor-widget-container\">\n\t\t\t\t\t<div class=\"wd-text-block reset-last-child text-left\">\n\t\t\t\n\t\t\t<h3><strong>Para \u0130ade Politikas\u0131<\/strong><\/h3><table><tbody><tr><td><p><strong><u>Cayma Hakk\u0131n\u0131n Kullan\u0131lmas\u0131na Dair Bilgiler:<\/u><\/strong><\/p><p><strong>1.<\/strong>\u00a06502 say\u0131l\u0131 T\u00fcketicinin Korunmas\u0131 Hakk\u0131ndaki Kanun ve Mesafeli S\u00f6zle\u015fmeler Y\u00f6netmeli\u011fi gere\u011fince al\u0131c\u0131, hi\u00e7bir hukuki ve cezai sorumluluk \u00fcstlenmeksizin ve hi\u00e7bir gerek\u00e7e g\u00f6stermeksizin, sat\u0131n ald\u0131\u011f\u0131 \u00fcr\u00fcn\u00fc teslim tarihten itibaren 14 (ond\u00f6rt) g\u00fcn i\u00e7erisinde cayma hakk\u0131n\u0131 kullanarak iade edebilir.\u00a0<strong><u>Ancak sat\u0131n al\u0131nan baz\u0131 \u00fcr\u00fcnlerin hijyenik ve teknik \u00f6zellikleri gere\u011fi iade edilebilmesi i\u00e7in; paketinin ya da ambalaj\u0131n\u0131n a\u00e7\u0131lmam\u0131\u015f olmas\u0131 ve dolay\u0131s\u0131yla da kullan\u0131lmam\u0131\u015f olmas\u0131 gereklidir. Bu t\u00fcr \u00fcr\u00fcnlerin iadesi ancak orijinal kutular\u0131yla birlikte m\u00fcmk\u00fcn olacakt\u0131r. L\u00fctfen her \u00fcr\u00fcn\u00fcn iade prosed\u00fcr\u00fc i\u00e7in, ilgili \u00fcr\u00fcn\u00fcn sat\u0131\u015f sayfas\u0131n\u0131 dikkatle okuyun.\u00a0<\/u><\/strong><\/p><p><strong><u>2. Sat\u0131n al\u0131nan \u00fcr\u00fcn\u00fcn \u00fccretsiz iadesi ve\/veya de\u011fi\u015fimi i\u00e7in belirtilen anla\u015fmal\u0131 kargo \u015firketi kullan\u0131lmal\u0131d\u0131r.\u00a0 Aksi taktirde iade kargo \u00fccreti iade edilecek tutardan kesilecektir.<\/u><\/strong><\/p><p><strong>3.<\/strong>\u00a0Cayma hakk\u0131 bildirimi ve S\u00f6zle\u015fmeye ili\u015fkin sair bildirimler taraf\u0131m\u0131za ait e-posta ve\/veya internet sitesinde belirtilen ileti\u015fim kanallar\u0131 ile g\u00f6nderilecektir. Cayma hakk\u0131n\u0131n kullan\u0131lmas\u0131 i\u00e7in s\u00fcresi i\u00e7erisinde Sat\u0131c\u0131\u2019ya mevzuat h\u00fck\u00fcmlerine ve internet sitesindeki cayma hakk\u0131 kullan\u0131m se\u00e7ene\u011fine uygun olarak bildirimde bulunulmas\u0131 \u015fartt\u0131r.<\/p><\/td><\/tr><tr><td><p><strong>4.<\/strong>\u00a0T\u00fcketici Kanunu gere\u011fi cayma hakk\u0131 a\u015fa\u011f\u0131daki hallerde kullan\u0131lamaz:<\/p><p>a) Fiyat\u0131 finansal piyasalardaki dalgalanmalara ba\u011fl\u0131 olarak de\u011fi\u015fen ve sat\u0131c\u0131n\u0131n kontrol\u00fcnde olmayan mal veya hizmetlere ili\u015fkin s\u00f6zle\u015fmelerde (Ziynet, alt\u0131n ve g\u00fcm\u00fc\u015f kategorisindeki \u00fcr\u00fcnler)<\/p><p>b) T\u00fcketicinin istekleri veya a\u00e7\u0131k\u00e7a onun ki\u015fisel ihtiya\u00e7lar\u0131 do\u011frultusunda haz\u0131rlanan, niteli\u011fi itibariyle geri g\u00f6nderilmeye elveri\u015fli olmayan ve \u00e7abuk bozulma tehlikesi olan veya son kullanma tarihi ge\u00e7me ihtimali olan mallar\u0131n teslimine ili\u015fkin s\u00f6zle\u015fmelerde<\/p><p><strong>c) Tesliminden sonra ambalaj, bant, m\u00fch\u00fcr, paket gibi koruyucu unsurlar\u0131 a\u00e7\u0131lm\u0131\u015f olan mallardan; iadesi sa\u011fl\u0131k ve hijyen a\u00e7\u0131s\u0131ndan uygun olmayanlar\u0131n teslimine ili\u015fkin s\u00f6zle\u015fmelerde<\/strong><\/p><p>d) Tesliminden sonra ba\u015fka \u00fcr\u00fcnlerle kar\u0131\u015fan ve do\u011fas\u0131 gere\u011fi ayr\u0131\u015ft\u0131r\u0131lmas\u0131 m\u00fcmk\u00fcn olmayan mallara ili\u015fkin s\u00f6zle\u015fmelerde<\/p><p>e) T\u00fcketici taraf\u0131ndan ambalaj, bant, m\u00fch\u00fcr, paket gibi koruyucu unsurlar\u0131 a\u00e7\u0131lm\u0131\u015f olmas\u0131 \u015fart\u0131yla maddi ortamda sunulan kitap, ses veya g\u00f6r\u00fcnt\u00fc kay\u0131tlar\u0131na, yaz\u0131l\u0131m programlar\u0131na ve bilgisayar sarf malzemelerine ili\u015fkin s\u00f6zle\u015fmelerde<\/p><p>f) Abonelik s\u00f6zle\u015fmesi kapsam\u0131nda sa\u011flananlar d\u0131\u015f\u0131nda gazete, dergi gibi s\u00fcreli yay\u0131nlar\u0131n teslimine ili\u015fkin s\u00f6zle\u015fmelerde<\/p><p>g) Belirli bir tarihte veya d\u00f6nemde yap\u0131lmas\u0131 gereken, konaklama, e\u015fya ta\u015f\u0131ma, araba kiralama, yiyecek-i\u00e7ecek tedariki ve e\u011flence veya dinlenme amac\u0131yla yap\u0131lan bo\u015f zaman\u0131n de\u011ferlendirilmesine ili\u015fkin s\u00f6zle\u015fmelerde<\/p><p>h) Bahis ve piyangoya ili\u015fkin hizmetlerin ifas\u0131na ili\u015fkin s\u00f6zle\u015fmelerde<\/p><p>\u0131) Cayma hakk\u0131 s\u00fcresi sona ermeden \u00f6nce, t\u00fcketicinin onay\u0131 ile ifas\u0131na ba\u015flanan hizmetlere ili\u015fkin\u00a0s\u00f6zle\u015fmelerde<\/p><p>i) Elektronik ortamda an\u0131nda ifa edilen hizmetler ile t\u00fcketiciye an\u0131nda teslim edilen gayri maddi mallara ili\u015fkin s\u00f6zle\u015fmelerde ve s\u00f6zle\u015fmeye konu Mal\/Hizmet\u2019in Mesafeli S\u00f6zle\u015fmeler Y\u00f6netmeli\u011fi\u2019nin uygulama alan\u0131 d\u0131\u015f\u0131nda b\u0131rak\u0131lm\u0131\u015f olan (sat\u0131c\u0131n\u0131n d\u00fczenli teslimatlar\u0131 ile al\u0131c\u0131n\u0131n meskenine teslim edilen g\u0131da maddelerinin, i\u00e7eceklerin ya da di\u011fer g\u00fcnl\u00fck t\u00fcketim maddeleri ile seyahat, konaklama, lokantac\u0131l\u0131k, e\u011flence sekt\u00f6r\u00fc gibi alanlarda hizmetler) Mal\/Hizmet t\u00fcrlerinden m\u00fcte\u015fekkil olmas\u0131 halinde Al\u0131c\u0131 ve Sat\u0131c\u0131 aras\u0131ndaki hukuki ili\u015fkiye Mesafeli S\u00f6zle\u015fmeler Y\u00f6netmeli\u011fi h\u00fck\u00fcmleri uygulanamamas\u0131 sebebiyle cayma hakk\u0131 kullan\u0131lamayacakt\u0131r.<\/p><\/td><\/tr><\/tbody><\/table>\n\t\t\t\t\t<\/div>\n\t\t\t\t<\/div>\n\t\t\t\t<\/div>\n\t\t\t\t\t<\/div>\n\t\t<\/div>\n\t\t\t\t\t\t\t<\/div>\n\t\t<\/section>\n\t\t\t\t\t\t\t<\/div>\n\t\t","protected":false},"excerpt":{"rendered":"<p>Para \u0130ade Politikas\u0131 Cayma Hakk\u0131n\u0131n Kullan\u0131lmas\u0131na Dair Bilgiler: 1.\u00a06502 say\u0131l\u0131 T\u00fcketicinin Korunmas\u0131 Hakk\u0131ndaki Kanun ve Mesafeli S\u00f6zle\u015fmeler Y\u00f6netmeli\u011fi gere\u011fince al\u0131c\u0131,<\/p>\n","protected":false},"author":1,"featured_media":0,"parent":0,"menu_order":0,"comment_status":"closed","ping_status":"closed","template":"","meta":{"om_disable_all_campaigns":false,"_mi_skip_tracking":false,"_monsterinsights_sitenote_active":false,"_monsterinsights_sitenote_note":"","_monsterinsights_sitenote_category":0,"footnotes":""},"aioseo_notices":[],"_links":{"self":[{"href":"https:\/\/elektriksell.com\/index.php\/wp-json\/wp\/v2\/pages\/10851"}],"collection":[{"href":"https:\/\/elektriksell.com\/index.php\/wp-json\/wp\/v2\/pages"}],"about":[{"href":"https:\/\/elektriksell.com\/index.php\/wp-json\/wp\/v2\/types\/page"}],"author":[{"embeddable":true,"href":"https:\/\/elektriksell.com\/index.php\/wp-json\/wp\/v2\/users\/1"}],"replies":[{"embeddable":true,"href":"https:\/\/elektriksell.com\/index.php\/wp-json\/wp\/v2\/comments?post=10851"}],"version-history":[{"count":4,"href":"https:\/\/elektriksell.com\/index.php\/wp-json\/wp\/v2\/pages\/10851\/revisions"}],"predecessor-version":[{"id":10856,"href":"https:\/\/elektriksell.com\/index.php\/wp-json\/wp\/v2\/pages\/10851\/revisions\/10856"}],"wp:attachment":[{"href":"https:\/\/elektriksell.com\/index.php\/wp-json\/wp\/v2\/media?parent=10851"}],"curies":[{"name":"wp","href":"https:\/\/api.w.org\/{rel}","templated":true}]}}